{"id":13395,"date":"2022-07-11T17:17:40","date_gmt":"2022-07-11T17:17:40","guid":{"rendered":"https:\/\/avectatiana.com\/?page_id=13395"},"modified":"2026-04-10T06:45:32","modified_gmt":"2026-04-10T06:45:32","slug":"creative-magazine-blog","status":"publish","type":"page","link":"https:\/\/avectatiana.com\/index.php\/creative-magazine-blog\/","title":{"rendered":"BLOG"},"content":{"rendered":"\t\t<div data-elementor-type=\"wp-page\" data-elementor-id=\"13395\" class=\"elementor elementor-13395\" data-elementor-post-type=\"page\">\n\t\t\t\t\t\t\t\t\t<section class=\"elementor-section elementor-top-section elementor-element elementor-element-90c08e6 elementor-section-full_width elementor-section-height-default elementor-section-height-default qodef-backgound-letter-holder-no qodef-elementor-content-no\" data-id=\"90c08e6\" data-element_type=\"section\">\n\t\t\t\t\t\t<div class=\"elementor-container elementor-column-gap-default\">\n\t\t\t\t\t<div class=\"elementor-column elementor-col-100 elementor-top-column elementor-element elementor-element-5ecbdd6\" data-id=\"5ecbdd6\" data-element_type=\"column\">\n\t\t\t<div class=\"elementor-widget-wrap\">\n\t\t\t\t\t\t\t\t\t<\/div>\n\t\t<\/div>\n\t\t\t\t\t\t\t<\/div>\n\t\t<\/section>\n\t\t\t\t<section class=\"elementor-section elementor-top-section elementor-element elementor-element-03e4259 elementor-section-boxed elementor-section-height-default elementor-section-height-default qodef-backgound-letter-holder-no qodef-elementor-content-no\" data-id=\"03e4259\" data-element_type=\"section\">\n\t\t\t\t\t\t<div class=\"elementor-container elementor-column-gap-default\">\n\t\t\t\t\t<div class=\"elementor-column elementor-col-25 elementor-top-column elementor-element elementor-element-7cc3f3a\" data-id=\"7cc3f3a\" data-element_type=\"column\">\n\t\t\t<div class=\"elementor-widget-wrap elementor-element-populated\">\n\t\t\t\t\t\t\t\t<div class=\"elementor-element elementor-element-20f7213 elementor-widget elementor-widget-laurits_core_custom_font\" data-id=\"20f7213\" data-element_type=\"widget\" data-widget_type=\"laurits_core_custom_font.default\">\n\t\t\t\t<div class=\"elementor-widget-container\">\n\t\t\t<p class=\"qodef-shortcode qodef-m  qodef-custom-font qodef-custom-font-569 qodef-layout--simple  qodef-appear-animation--yes\" style=\"color: #000000;text-align: center;font-size: 5.8vw\" data-appearing-delay=\"0\"><span class=\"qodef-m-title-part\">BLOG<\/span><\/p>\n\t\t<\/div>\n\t\t\t\t<\/div>\n\t\t\t\t\t<\/div>\n\t\t<\/div>\n\t\t\t\t<div class=\"elementor-column elementor-col-25 elementor-top-column elementor-element elementor-element-4de5a56\" data-id=\"4de5a56\" data-element_type=\"column\">\n\t\t\t<div class=\"elementor-widget-wrap\">\n\t\t\t\t\t\t\t\t\t<\/div>\n\t\t<\/div>\n\t\t\t\t<div class=\"elementor-column elementor-col-50 elementor-top-column elementor-element elementor-element-192e66a\" data-id=\"192e66a\" data-element_type=\"column\">\n\t\t\t<div class=\"elementor-widget-wrap elementor-element-populated\">\n\t\t\t\t\t\t\t\t<div class=\"elementor-element elementor-element-9b95785 elementor-widget__width-initial elementor-invisible elementor-widget elementor-widget-heading\" data-id=\"9b95785\" data-element_type=\"widget\" data-settings=\"{&quot;_animation&quot;:&quot;fadeIn&quot;,&quot;_animation_delay&quot;:200}\" data-widget_type=\"heading.default\">\n\t\t\t\t<div class=\"elementor-widget-container\">\n\t\t\t<style>\/*! elementor - v3.17.0 - 08-11-2023 *\/\n.elementor-heading-title{padding:0;margin:0;line-height:1}.elementor-widget-heading .elementor-heading-title[class*=elementor-size-]>a{color:inherit;font-size:inherit;line-height:inherit}.elementor-widget-heading .elementor-heading-title.elementor-size-small{font-size:15px}.elementor-widget-heading .elementor-heading-title.elementor-size-medium{font-size:19px}.elementor-widget-heading .elementor-heading-title.elementor-size-large{font-size:29px}.elementor-widget-heading .elementor-heading-title.elementor-size-xl{font-size:39px}.elementor-widget-heading .elementor-heading-title.elementor-size-xxl{font-size:59px}<\/style><h4 class=\"elementor-heading-title elementor-size-default\">Comparto mi experiencia y reflexi\u00f3n sobre la vida mediante la visi\u00f3n del Yoga. As\u00ed como pr\u00e1cticas, meditaciones y otras herramientas que me ayudan a estar mejor cada d\u00eda, a comprenderme y a caminar hacia un Bienestar Ra\u00edz. <\/h4>\t\t<\/div>\n\t\t\t\t<\/div>\n\t\t\t\t<div class=\"elementor-element elementor-element-a4f22b6 elementor-widget__width-initial elementor-invisible elementor-widget elementor-widget-heading\" data-id=\"a4f22b6\" data-element_type=\"widget\" data-settings=\"{&quot;_animation&quot;:&quot;fadeIn&quot;,&quot;_animation_delay&quot;:200}\" data-widget_type=\"heading.default\">\n\t\t\t\t<div class=\"elementor-widget-container\">\n\t\t\t<h4 class=\"elementor-heading-title elementor-size-default\">[ Hatha yoga \u00b7 Raja Yoga \u00b7 Yin yoga \u00b7 Estilo de vida \u00b7 Creencias y patrones\u2026]<\/h4>\t\t<\/div>\n\t\t\t\t<\/div>\n\t\t\t\t\t<\/div>\n\t\t<\/div>\n\t\t\t\t\t\t\t<\/div>\n\t\t<\/section>\n\t\t\t\t<section class=\"elementor-section elementor-top-section elementor-element elementor-element-f351f77 elementor-section-full_width elementor-section-height-default elementor-section-height-default qodef-backgound-letter-holder-no qodef-elementor-content-no\" data-id=\"f351f77\" data-element_type=\"section\">\n\t\t\t\t\t\t<div class=\"elementor-container elementor-column-gap-default\">\n\t\t\t\t\t<div class=\"elementor-column elementor-col-100 elementor-top-column elementor-element elementor-element-e3ab739\" data-id=\"e3ab739\" data-element_type=\"column\">\n\t\t\t<div class=\"elementor-widget-wrap elementor-element-populated\">\n\t\t\t\t\t\t\t\t<div class=\"elementor-element elementor-element-2842a29 elementor-widget-divider--view-line elementor-widget elementor-widget-divider\" data-id=\"2842a29\" data-element_type=\"widget\" data-widget_type=\"divider.default\">\n\t\t\t\t<div class=\"elementor-widget-container\">\n\t\t\t<style>\/*! elementor - v3.17.0 - 08-11-2023 *\/\n.elementor-widget-divider{--divider-border-style:none;--divider-border-width:1px;--divider-color:#0c0d0e;--divider-icon-size:20px;--divider-element-spacing:10px;--divider-pattern-height:24px;--divider-pattern-size:20px;--divider-pattern-url:none;--divider-pattern-repeat:repeat-x}.elementor-widget-divider .elementor-divider{display:flex}.elementor-widget-divider .elementor-divider__text{font-size:15px;line-height:1;max-width:95%}.elementor-widget-divider .elementor-divider__element{margin:0 var(--divider-element-spacing);flex-shrink:0}.elementor-widget-divider .elementor-icon{font-size:var(--divider-icon-size)}.elementor-widget-divider .elementor-divider-separator{display:flex;margin:0;direction:ltr}.elementor-widget-divider--view-line_icon .elementor-divider-separator,.elementor-widget-divider--view-line_text .elementor-divider-separator{align-items:center}.elementor-widget-divider--view-line_icon .elementor-divider-separator:after,.elementor-widget-divider--view-line_icon .elementor-divider-separator:before,.elementor-widget-divider--view-line_text .elementor-divider-separator:after,.elementor-widget-divider--view-line_text .elementor-divider-separator:before{display:block;content:\"\";border-bottom:0;flex-grow:1;border-top:var(--divider-border-width) var(--divider-border-style) var(--divider-color)}.elementor-widget-divider--element-align-left .elementor-divider .elementor-divider-separator>.elementor-divider__svg:first-of-type{flex-grow:0;flex-shrink:100}.elementor-widget-divider--element-align-left .elementor-divider-separator:before{content:none}.elementor-widget-divider--element-align-left .elementor-divider__element{margin-left:0}.elementor-widget-divider--element-align-right .elementor-divider .elementor-divider-separator>.elementor-divider__svg:last-of-type{flex-grow:0;flex-shrink:100}.elementor-widget-divider--element-align-right .elementor-divider-separator:after{content:none}.elementor-widget-divider--element-align-right .elementor-divider__element{margin-right:0}.elementor-widget-divider:not(.elementor-widget-divider--view-line_text):not(.elementor-widget-divider--view-line_icon) .elementor-divider-separator{border-top:var(--divider-border-width) var(--divider-border-style) var(--divider-color)}.elementor-widget-divider--separator-type-pattern{--divider-border-style:none}.elementor-widget-divider--separator-type-pattern.elementor-widget-divider--view-line .elementor-divider-separator,.elementor-widget-divider--separator-type-pattern:not(.elementor-widget-divider--view-line) .elementor-divider-separator:after,.elementor-widget-divider--separator-type-pattern:not(.elementor-widget-divider--view-line) .elementor-divider-separator:before,.elementor-widget-divider--separator-type-pattern:not([class*=elementor-widget-divider--view]) .elementor-divider-separator{width:100%;min-height:var(--divider-pattern-height);-webkit-mask-size:var(--divider-pattern-size) 100%;mask-size:var(--divider-pattern-size) 100%;-webkit-mask-repeat:var(--divider-pattern-repeat);mask-repeat:var(--divider-pattern-repeat);background-color:var(--divider-color);-webkit-mask-image:var(--divider-pattern-url);mask-image:var(--divider-pattern-url)}.elementor-widget-divider--no-spacing{--divider-pattern-size:auto}.elementor-widget-divider--bg-round{--divider-pattern-repeat:round}.rtl .elementor-widget-divider .elementor-divider__text{direction:rtl}.e-con-inner>.elementor-widget-divider,.e-con>.elementor-widget-divider{width:var(--container-widget-width,100%);--flex-grow:var(--container-widget-flex-grow)}<\/style>\t\t<div class=\"elementor-divider\">\n\t\t\t<span class=\"elementor-divider-separator\">\n\t\t\t\t\t\t<\/span>\n\t\t<\/div>\n\t\t\t\t<\/div>\n\t\t\t\t<\/div>\n\t\t\t\t<div class=\"elementor-element elementor-element-fbca2d0 elementor-widget elementor-widget-laurits_core_blog_list\" data-id=\"fbca2d0\" data-element_type=\"widget\" data-widget_type=\"laurits_core_blog_list.default\">\n\t\t\t\t<div class=\"elementor-widget-container\">\n\t\t\t<div class=\"qodef-shortcode qodef-m  qodef-blog qodef-item-layout--info-bottom qodef-item-border--yes qodef-side-border--off qodef-dynaimc-image-height qodef-hover-animation--yes qodef-appear-animation--yes qodef-grid qodef-layout--masonry qodef-items--fixed qodef-gutter--no qodef-col-num--3 qodef-item-layout--info-bottom qodef--no-bottom-space qodef-pagination--off qodef-responsive--custom qodef-col-num--1440--3 qodef-col-num--1366--3 qodef-col-num--1024--3 qodef-col-num--768--2 qodef-col-num--680--2 qodef-col-num--480--1\" data-options=\"{&quot;plugin&quot;:&quot;laurits_core&quot;,&quot;module&quot;:&quot;blog\\\/shortcodes&quot;,&quot;shortcode&quot;:&quot;blog-list&quot;,&quot;post_type&quot;:&quot;post&quot;,&quot;next_page&quot;:&quot;2&quot;,&quot;max_pages_num&quot;:1,&quot;behavior&quot;:&quot;masonry&quot;,&quot;masonry_images_proportion&quot;:&quot;fixed&quot;,&quot;columns&quot;:&quot;3&quot;,&quot;columns_responsive&quot;:&quot;custom&quot;,&quot;columns_1440&quot;:&quot;3&quot;,&quot;columns_1366&quot;:&quot;3&quot;,&quot;columns_1024&quot;:&quot;3&quot;,&quot;columns_768&quot;:&quot;2&quot;,&quot;columns_680&quot;:&quot;2&quot;,&quot;columns_480&quot;:&quot;1&quot;,&quot;space&quot;:&quot;no&quot;,&quot;posts_per_page&quot;:&quot;6&quot;,&quot;orderby&quot;:&quot;date&quot;,&quot;order&quot;:&quot;DESC&quot;,&quot;layout&quot;:&quot;info-bottom&quot;,&quot;title_tag&quot;:&quot;h3&quot;,&quot;enable_category&quot;:&quot;yes&quot;,&quot;display_item_border&quot;:&quot;yes&quot;,&quot;remove_side_borders&quot;:&quot;yes&quot;,&quot;dynamic_image&quot;:&quot;yes&quot;,&quot;enable_filter&quot;:&quot;no&quot;,&quot;pagination_type&quot;:&quot;no-pagination&quot;,&quot;show_ordering_filter&quot;:&quot;no&quot;,&quot;hover_animation&quot;:&quot;yes&quot;,&quot;items_appear_animation&quot;:&quot;yes&quot;,&quot;appear_animation_delay&quot;:&quot;260&quot;,&quot;info_bottom_display_excerpt&quot;:&quot;no&quot;,&quot;object_class_name&quot;:&quot;LauritsCore_Blog_List_Shortcode&quot;,&quot;taxonomy_filter&quot;:&quot;category&quot;,&quot;holder_data&quot;:{&quot;data-appearing-delay&quot;:260}}\" data-appearing-delay=\"260\">\n\t\t<div class=\"qodef-grid-inner clear\">\n\t\t\t<div class=\"qodef-grid-masonry-sizer\"><\/div>\n\t<div class=\"qodef-grid-masonry-gutter\"><\/div>\n<article class=\"qodef-e qodef-blog-item qodef-grid-item qodef-item--full post-19972 post type-post status-publish format-standard has-post-thumbnail hentry category-coaching category-yoga\">\n\t<div class=\"qodef-e-inner\">\n\t\t<div class=\"qodef-e-content-holder\">\n\t\t\t<div class=\"qodef-e-media-image\">\n\t\t<a itemprop=\"url\" href=\"https:\/\/avectatiana.com\/index.php\/2025\/02\/11\/que-es-el-acompanamiento-integral\/\">\n\t\t\t<img decoding=\"async\" width=\"1080\" height=\"1080\" src=\"https:\/\/avectatiana.com\/wp-content\/uploads\/2025\/02\/Diseno-sin-titulo-1.png\" class=\"attachment-full size-full wp-post-image\" alt=\"\" srcset=\"https:\/\/avectatiana.com\/wp-content\/uploads\/2025\/02\/Diseno-sin-titulo-1.png 1080w, https:\/\/avectatiana.com\/wp-content\/uploads\/2025\/02\/Diseno-sin-titulo-1-300x300.png 300w, https:\/\/avectatiana.com\/wp-content\/uploads\/2025\/02\/Diseno-sin-titulo-1-1024x1024.png 1024w, https:\/\/avectatiana.com\/wp-content\/uploads\/2025\/02\/Diseno-sin-titulo-1-150x150.png 150w, https:\/\/avectatiana.com\/wp-content\/uploads\/2025\/02\/Diseno-sin-titulo-1-768x768.png 768w, https:\/\/avectatiana.com\/wp-content\/uploads\/2025\/02\/Diseno-sin-titulo-1-650x650.png 650w, https:\/\/avectatiana.com\/wp-content\/uploads\/2025\/02\/Diseno-sin-titulo-1-600x600.png 600w, https:\/\/avectatiana.com\/wp-content\/uploads\/2025\/02\/Diseno-sin-titulo-1-100x100.png 100w\" sizes=\"(max-width: 1080px) 100vw, 1080px\" \/>\t\t<\/a>\n\t<\/div>\n\t\t<div class=\"qodef-e-content\">\n\t\t\t<div class=\"qodef-e-top-holder\">\n\t\t\t\t<div class=\"qodef-e-info\">\n\t\t\t\t\t<a itemprop=\"dateCreated\" href=\"https:\/\/avectatiana.com\/index.php\/2025\/02\/\" class=\"\">\n\t<svg xmlns=\"http:\/\/www.w3.org\/2000\/svg\" xmlns:xlink=\"http:\/\/www.w3.org\/1999\/xlink\" width=\"16\" height=\"14\" viewBox=\"0 0 16 14\">\n\t\t<g>\n\t\t\t<rect width=\"16\" height=\"14\"\/>\n\t\t\t<rect x=\"0.5\" y=\"0.5\" width=\"15\" height=\"13\"\/>\n\t\t<\/g>\n\t\t<rect width=\"2\" height=\"2\" transform=\"translate(3 4)\"\/>\n\t\t<rect width=\"2\" height=\"2\" transform=\"translate(3 8)\"\/>\n\t\t<rect width=\"2\" height=\"2\" transform=\"translate(7 4)\"\/>\n\t\t<rect width=\"2\" height=\"2\" transform=\"translate(7 8)\"\/>\n\t\t<rect width=\"2\" height=\"2\" transform=\"translate(11 4)\"\/>\n\t\t<rect width=\"2\" height=\"2\" transform=\"translate(11 8)\"\/>\n\t<\/svg>\n\t11\/02\/2025<\/a>\n<div class=\"qodef-info-separator-end\"><\/div>\n\t\t\t\t<\/div>\n\t\t\t<\/div>\n\t\t\t<div class=\"qodef-e-text\">\n\t\t\t\t<h3 itemprop=\"name\" class=\"qodef-e-title entry-title\" >\n\t<a itemprop=\"url\" class=\"qodef-e-title-link\" href=\"https:\/\/avectatiana.com\/index.php\/2025\/02\/11\/que-es-el-acompanamiento-integral\/\">\n\t\t\u00bfQu\u00e9 es el Acompa\u00f1amiento Integral?\t<\/a>\n<\/h3>\n\t\t\t<\/div>\n\t\t\t<div class=\"qodef-e-bottom-holder\">\n\t\t\t\t<div class=\"qodef-e-info\">\n\t\t\t\t\t\t<a href=\"https:\/\/avectatiana.com\/index.php\/category\/coaching\/\" rel=\"tag\">Coaching<\/a><span class=\"qodef-info-separator-single\"><\/span><a href=\"https:\/\/avectatiana.com\/index.php\/category\/yoga\/\" rel=\"tag\">Yoga<\/a>\t<div class=\"qodef-info-separator-end\"><\/div>\n\t\t\t\t<\/div>\n\t\t\t<\/div>\n\t\t<\/div>\n\t\t<\/div>\n\t<\/div>\n<\/article>\n<article class=\"qodef-e qodef-blog-item qodef-grid-item qodef-item--full post-19952 post type-post status-publish format-standard has-post-thumbnail hentry category-coaching category-yoga\">\n\t<div class=\"qodef-e-inner\">\n\t\t<div class=\"qodef-e-content-holder\">\n\t\t\t<div class=\"qodef-e-media-image\">\n\t\t<a itemprop=\"url\" href=\"https:\/\/avectatiana.com\/index.php\/2025\/02\/11\/quien-soy-y-que-hago\/\">\n\t\t\t<img decoding=\"async\" width=\"1080\" height=\"1920\" src=\"https:\/\/avectatiana.com\/wp-content\/uploads\/2025\/02\/stories_BRANDING-SOUL-83.png\" class=\"attachment-full size-full wp-post-image\" alt=\"\" srcset=\"https:\/\/avectatiana.com\/wp-content\/uploads\/2025\/02\/stories_BRANDING-SOUL-83.png 1080w, https:\/\/avectatiana.com\/wp-content\/uploads\/2025\/02\/stories_BRANDING-SOUL-83-169x300.png 169w, https:\/\/avectatiana.com\/wp-content\/uploads\/2025\/02\/stories_BRANDING-SOUL-83-576x1024.png 576w, https:\/\/avectatiana.com\/wp-content\/uploads\/2025\/02\/stories_BRANDING-SOUL-83-768x1365.png 768w, https:\/\/avectatiana.com\/wp-content\/uploads\/2025\/02\/stories_BRANDING-SOUL-83-864x1536.png 864w, https:\/\/avectatiana.com\/wp-content\/uploads\/2025\/02\/stories_BRANDING-SOUL-83-600x1067.png 600w\" sizes=\"(max-width: 1080px) 100vw, 1080px\" \/>\t\t<\/a>\n\t<\/div>\n\t\t<div class=\"qodef-e-content\">\n\t\t\t<div class=\"qodef-e-top-holder\">\n\t\t\t\t<div class=\"qodef-e-info\">\n\t\t\t\t\t<a itemprop=\"dateCreated\" href=\"https:\/\/avectatiana.com\/index.php\/2025\/02\/\" class=\"\">\n\t<svg xmlns=\"http:\/\/www.w3.org\/2000\/svg\" xmlns:xlink=\"http:\/\/www.w3.org\/1999\/xlink\" width=\"16\" height=\"14\" viewBox=\"0 0 16 14\">\n\t\t<g>\n\t\t\t<rect width=\"16\" height=\"14\"\/>\n\t\t\t<rect x=\"0.5\" y=\"0.5\" width=\"15\" height=\"13\"\/>\n\t\t<\/g>\n\t\t<rect width=\"2\" height=\"2\" transform=\"translate(3 4)\"\/>\n\t\t<rect width=\"2\" height=\"2\" transform=\"translate(3 8)\"\/>\n\t\t<rect width=\"2\" height=\"2\" transform=\"translate(7 4)\"\/>\n\t\t<rect width=\"2\" height=\"2\" transform=\"translate(7 8)\"\/>\n\t\t<rect width=\"2\" height=\"2\" transform=\"translate(11 4)\"\/>\n\t\t<rect width=\"2\" height=\"2\" transform=\"translate(11 8)\"\/>\n\t<\/svg>\n\t11\/02\/2025<\/a>\n<div class=\"qodef-info-separator-end\"><\/div>\n\t\t\t\t<\/div>\n\t\t\t<\/div>\n\t\t\t<div class=\"qodef-e-text\">\n\t\t\t\t<h3 itemprop=\"name\" class=\"qodef-e-title entry-title\" >\n\t<a itemprop=\"url\" class=\"qodef-e-title-link\" href=\"https:\/\/avectatiana.com\/index.php\/2025\/02\/11\/quien-soy-y-que-hago\/\">\n\t\tQui\u00e9n soy y qu\u00e9 hago.\t<\/a>\n<\/h3>\n\t\t\t<\/div>\n\t\t\t<div class=\"qodef-e-bottom-holder\">\n\t\t\t\t<div class=\"qodef-e-info\">\n\t\t\t\t\t\t<a href=\"https:\/\/avectatiana.com\/index.php\/category\/coaching\/\" rel=\"tag\">Coaching<\/a><span class=\"qodef-info-separator-single\"><\/span><a href=\"https:\/\/avectatiana.com\/index.php\/category\/yoga\/\" rel=\"tag\">Yoga<\/a>\t<div class=\"qodef-info-separator-end\"><\/div>\n\t\t\t\t<\/div>\n\t\t\t<\/div>\n\t\t<\/div>\n\t\t<\/div>\n\t<\/div>\n<\/article>\n\t<\/div>\n\t<\/div>\n\t\t<\/div>\n\t\t\t\t<\/div>\n\t\t\t\t\t<\/div>\n\t\t<\/div>\n\t\t\t\t\t\t\t<\/div>\n\t\t<\/section>\n\t\t\t\t<section class=\"elementor-section elementor-top-section elementor-element elementor-element-f0b196a elementor-section-full_width elementor-section-height-default elementor-section-height-default qodef-backgound-letter-holder-no qodef-elementor-content-no\" data-id=\"f0b196a\" data-element_type=\"section\">\n\t\t\t\t\t\t<div class=\"elementor-container elementor-column-gap-default\">\n\t\t\t\t\t<div class=\"elementor-column elementor-col-100 elementor-top-column elementor-element elementor-element-35f8def\" data-id=\"35f8def\" data-element_type=\"column\">\n\t\t\t<div class=\"elementor-widget-wrap elementor-element-populated\">\n\t\t\t\t\t\t\t\t<div class=\"elementor-element elementor-element-1960ebb elementor-widget__width-auto elementor-widget elementor-widget-laurits_core_button\" data-id=\"1960ebb\" data-element_type=\"widget\" data-widget_type=\"laurits_core_button.default\">\n\t\t\t\t<div class=\"elementor-widget-container\">\n\t\t\t<a class=\"qodef-shortcode qodef-m  qodef-button qodef-layout--textual  qodef-html--link\" href=\"#\" target=\"_self\"  >\n\t<span class=\"qodef-m-text\">VER TODAS LAS ENTRADAS<\/span>\n<\/a>\n\t\t<\/div>\n\t\t\t\t<\/div>\n\t\t\t\t\t<\/div>\n\t\t<\/div>\n\t\t\t\t\t\t\t<\/div>\n\t\t<\/section>\n\t\t\t\t\t\t\t<\/div>\n\t\t","protected":false},"excerpt":{"rendered":"<p>BLOG Comparto mi experiencia y reflexi\u00f3n sobre la vida mediante la visi\u00f3n del Yoga. As\u00ed como pr\u00e1cticas, meditaciones y otras herramientas que me ayudan a estar mejor cada d\u00eda, a [&hellip;]<\/p>\n","protected":false},"author":1,"featured_media":0,"parent":0,"menu_order":0,"comment_status":"closed","ping_status":"closed","template":"page-full-width.php","meta":{"footnotes":""},"class_list":["post-13395","page","type-page","status-publish","hentry"],"_links":{"self":[{"href":"https:\/\/avectatiana.com\/index.php\/wp-json\/wp\/v2\/pages\/13395","targetHints":{"allow":["GET"]}}],"collection":[{"href":"https:\/\/avectatiana.com\/index.php\/wp-json\/wp\/v2\/pages"}],"about":[{"href":"https:\/\/avectatiana.com\/index.php\/wp-json\/wp\/v2\/types\/page"}],"author":[{"embeddable":true,"href":"https:\/\/avectatiana.com\/index.php\/wp-json\/wp\/v2\/users\/1"}],"replies":[{"embeddable":true,"href":"https:\/\/avectatiana.com\/index.php\/wp-json\/wp\/v2\/comments?post=13395"}],"version-history":[{"count":0,"href":"https:\/\/avectatiana.com\/index.php\/wp-json\/wp\/v2\/pages\/13395\/revisions"}],"wp:attachment":[{"href":"https:\/\/avectatiana.com\/index.php\/wp-json\/wp\/v2\/media?parent=13395"}],"curies":[{"name":"wp","href":"https:\/\/api.w.org\/{rel}","templated":true}]}}