{"id":20365,"date":"2025-06-16T08:02:59","date_gmt":"2025-06-16T08:02:59","guid":{"rendered":"https:\/\/avectatiana.com\/?post_type=product&#038;p=20365"},"modified":"2025-06-16T08:07:41","modified_gmt":"2025-06-16T08:07:41","slug":"carta-raiz","status":"publish","type":"product","link":"https:\/\/avectatiana.com\/index.php\/producto\/carta-raiz\/","title":{"rendered":"Carta Ra\u00edz"},"content":{"rendered":"<div class=\"cm-bcgoiw\">\n<div class=\"\">\n<div class=\"cm-LIiDtl cm-MOJUkA cm-mhTrbr\">\n<p>Un espacio de conexi\u00f3n simb\u00f3lica y ritual. Cada mes, una gu\u00eda bella, impresa, po\u00e9tica y terap\u00e9utica para sostener tus emociones, acompa\u00f1ar tus tr\u00e1nsitos y darle lugar a lo sagrado cotidiano.<\/p>\n<blockquote><p><em>Para quienes anhelan profundidad, belleza, introspecci\u00f3n y conexi\u00f3n con el alma.<\/em><\/p><\/blockquote>\n<p>&nbsp;<\/p>\n<p>Si quieres un espacio donde poder transitar todo aquello que est\u00e1s pasando, conocerte mejor cada d\u00eda y quieres complementarlo con la terapia.<\/p>\n<\/div>\n<\/div>\n<\/div>\n<div class=\"cm-bcgoiw\">\n<hr class=\"cm-LcGCWB cm-lZsTFo\" \/>\n<\/div>\n<div class=\"cm-bcgoiw\">\n<h4 class=\"cm-cyndlL cm-DKAVkg cm-jaOCnn cm-ADHYhi cm-ThmtRO cm-GGZhvK\">Descuento<\/h4>\n<ul class=\"sc-bbd762e6-0 jIKSXX\">\n<li class=\"sc-bbd762e6-1 kLlASS\"><span class=\"cm-VzrHRj cm-dupTbP cm-NAbYEF cm-TOsLDU cm-ThmtRO cm-GGZhvK\">20% Descuento en Sesiones 1:1<\/span><\/li>\n<\/ul>\n<\/div>\n","protected":false},"excerpt":{"rendered":"<div class=\"cm-bcgoiw\">\n<div class=\"\">\n<div class=\"cm-LIiDtl cm-MOJUkA cm-mhTrbr\">\n<p><strong><em>Conexi\u00f3n ritual para tu mes.<\/em><\/strong><\/p>\n<p>Una carta impresa y ritual cada mes para recordarte lo esencial. Para que te acompa\u00f1es en el mes de forma anal\u00f3gica, bella y ritual. Una gu\u00eda para cuidar tu mundo interno con belleza, simbolismo y dulzura.<\/p>\n<p>&nbsp;<\/p>\n<p><strong>Incluye:<\/strong><\/p>\n<ul>\n<li>\ud83d\udce9\u00a0<strong>Carta mensual impresa<\/strong><\/li>\n<li>\ud83c\udfa8\u00a0<strong>Ilustraci\u00f3n\/creatividad para tu altar<\/strong>\u00a0o espacio personal<\/li>\n<li>\ud83d\udd25\u00a0<strong>Propuesta ritual, journaling y conexi\u00f3n simb\u00f3lica<\/strong><\/li>\n<li>\ud83c\udf81\u00a0<strong>Acceso preferente<\/strong>\u00a0a encuentros y descuentos especiales<\/li>\n<\/ul>\n<\/div>\n<\/div>\n<\/div>\n","protected":false},"featured_media":20367,"comment_status":"open","ping_status":"closed","template":"","meta":[],"product_cat":[117],"product_tag":[],"class_list":["post-20365","product","type-product","status-publish","has-post-thumbnail","hentry","product_cat-yoga"],"_links":{"self":[{"href":"https:\/\/avectatiana.com\/index.php\/wp-json\/wp\/v2\/product\/20365","targetHints":{"allow":["GET"]}}],"collection":[{"href":"https:\/\/avectatiana.com\/index.php\/wp-json\/wp\/v2\/product"}],"about":[{"href":"https:\/\/avectatiana.com\/index.php\/wp-json\/wp\/v2\/types\/product"}],"replies":[{"embeddable":true,"href":"https:\/\/avectatiana.com\/index.php\/wp-json\/wp\/v2\/comments?post=20365"}],"wp:featuredmedia":[{"embeddable":true,"href":"https:\/\/avectatiana.com\/index.php\/wp-json\/wp\/v2\/media\/20367"}],"wp:attachment":[{"href":"https:\/\/avectatiana.com\/index.php\/wp-json\/wp\/v2\/media?parent=20365"}],"wp:term":[{"taxonomy":"product_cat","embeddable":true,"href":"https:\/\/avectatiana.com\/index.php\/wp-json\/wp\/v2\/product_cat?post=20365"},{"taxonomy":"product_tag","embeddable":true,"href":"https:\/\/avectatiana.com\/index.php\/wp-json\/wp\/v2\/product_tag?post=20365"}],"curies":[{"name":"wp","href":"https:\/\/api.w.org\/{rel}","templated":true}]}}