{"id":20369,"date":"2025-06-16T08:08:35","date_gmt":"2025-06-16T08:08:35","guid":{"rendered":"https:\/\/avectatiana.com\/?post_type=product&#038;p=20369"},"modified":"2025-08-05T17:37:46","modified_gmt":"2025-08-05T17:37:46","slug":"clases-de-yoga-en-directo-grabaciones-copy","status":"publish","type":"product","link":"https:\/\/avectatiana.com\/index.php\/producto\/clases-de-yoga-en-directo-grabaciones-copy\/","title":{"rendered":"Membres\u00eda de cuidado a trav\u00e9s del Yoga."},"content":{"rendered":"<div class=\"sc-dlVxhl cnhMHy\">\n<div class=\"sc-kDTinF iULrXr\">\n<div class=\"sc-efccb13d-0 eMNKVz\">\n<p>Un espacio para reconectar con tu cuerpo y tu ra\u00edz a trav\u00e9s de\u00a0<strong><em>pr\u00e1cticas grabadas<\/em><\/strong>\u00a0que te invitan a habitarte desde la presencia y la lentitud. Cada mes recibir\u00e1s\u00a0<strong>2 pr\u00e1cticas grabadas<\/strong>\u00a0de yoga (40 min aprox) y un\u00a0<strong>encuentro en directo mensual<\/strong>\u00a0para compartir, resolver dudas y sostener el camino juntas.<\/p>\n<p>Opci\u00f3n pensada para una mayor libertad horaria.<\/p>\n<p>&#8212;&#8212;&#8211;<\/p>\n<p>\ud83d\udccc\u00a0<strong>Puedes cancelar en cualquier momento.<\/strong><\/p>\n<p>&#8212;&#8212;-<\/p>\n<\/div>\n<\/div>\n<\/div>\n","protected":false},"excerpt":{"rendered":"<p>Todo el contenido del nivel\u00a0<strong>Cuerpo Ra\u00edz<\/strong>\u00a0+\u00a0<strong>Carta Ra\u00edz<\/strong><\/p>\n<p>Porque el cuidado integral es cuerpo y alma, movimiento y silencio, estructura y poes\u00eda.<\/p>\n<p>\u27a4 Acceso a las clases + grabaciones<\/p>\n<p>\u27a4 Recibir\u00e1s tu carta mensual impresa<\/p>\n<p>\u27a4 Propuestas semanales cuerpo &amp; alma<\/p>\n<p>\u27a4 Una experiencia de acompa\u00f1amiento mensual, terap\u00e9utica, c\u00edclica y bella.<\/p>\n","protected":false},"featured_media":20449,"comment_status":"open","ping_status":"closed","template":"","meta":[],"product_cat":[105,117],"product_tag":[],"class_list":["post-20369","product","type-product","status-publish","has-post-thumbnail","hentry","product_cat-membresia","product_cat-yoga"],"_links":{"self":[{"href":"https:\/\/avectatiana.com\/index.php\/wp-json\/wp\/v2\/product\/20369","targetHints":{"allow":["GET"]}}],"collection":[{"href":"https:\/\/avectatiana.com\/index.php\/wp-json\/wp\/v2\/product"}],"about":[{"href":"https:\/\/avectatiana.com\/index.php\/wp-json\/wp\/v2\/types\/product"}],"replies":[{"embeddable":true,"href":"https:\/\/avectatiana.com\/index.php\/wp-json\/wp\/v2\/comments?post=20369"}],"wp:featuredmedia":[{"embeddable":true,"href":"https:\/\/avectatiana.com\/index.php\/wp-json\/wp\/v2\/media\/20449"}],"wp:attachment":[{"href":"https:\/\/avectatiana.com\/index.php\/wp-json\/wp\/v2\/media?parent=20369"}],"wp:term":[{"taxonomy":"product_cat","embeddable":true,"href":"https:\/\/avectatiana.com\/index.php\/wp-json\/wp\/v2\/product_cat?post=20369"},{"taxonomy":"product_tag","embeddable":true,"href":"https:\/\/avectatiana.com\/index.php\/wp-json\/wp\/v2\/product_tag?post=20369"}],"curies":[{"name":"wp","href":"https:\/\/api.w.org\/{rel}","templated":true}]}}